{"id":560,"date":"2018-03-17T18:52:20","date_gmt":"2018-03-17T17:52:20","guid":{"rendered":"http:\/\/www.caumont.com\/?page_id=560"},"modified":"2021-04-26T18:08:01","modified_gmt":"2021-04-26T16:08:01","slug":"references","status":"publish","type":"page","link":"https:\/\/www.caumont.com\/index.php\/about\/references\/","title":{"rendered":"REFERENCES"},"content":{"rendered":"<p>CLIENTS:<br \/>\nEntreprises:<br \/>\n&#8211; Standard El\u00e9ctrica Espagnole<br \/>\n&#8211; Telyco (Telef\u00f3nica espa\u00f1ola)<br \/>\n&#8211; France Telecom<br \/>\n&#8211; Telecom Italia<br \/>\n&#8211; Communaut\u00e9 Europ\u00e9enne<br \/>\n&#8211; Hewlet Packard<br \/>\n&#8211; Medinabi (SKF)<br \/>\n&#8211; Alcatel<br \/>\n&#8211; Wilkhahm<br \/>\n&#8211; IBM<br \/>\n&#8211; Cr\u00e9dit Suisse (Espagne)<br \/>\n&#8211; Laboratoires Schering<br \/>\n&#8211; Amexio (France)<\/p>\n<p>Fondations:<br \/>\n&#8211; ADETI<br \/>\n&#8211; Gregotio Sanch\u00e9z<br \/>\n&#8211; FUNDECYT<br \/>\n&#8211; VIDEOMED<br \/>\n&#8211; FUNDADEPS<\/p>\n<p>F\u00e9d\u00e9rations:<br \/>\n&#8211; FEDEPE (F\u00e9d\u00e9ration espagnole des femmes chefs d\u2019entreprise)<br \/>\n&#8211; F\u00e9d\u00e9ration espagnole des femmes progressistes<br \/>\n&#8211; F\u00e9d\u00e9ration Espagnole de piraguisme<br \/>\n&#8211; ADEPS (Association espagnole de la pr\u00e9vention de la sant\u00e9)<\/p>\n<div id='gallery-1' class='gallery galleryid-560 gallery-columns-3 gallery-size-thumbnail'><figure class='gallery-item'>\n\t\t\t<div class='gallery-icon portrait'>\n\t\t\t\t<a href='https:\/\/www.caumont.com\/bill_gates\/'><img loading=\"lazy\" decoding=\"async\" width=\"146\" height=\"150\" src=\"https:\/\/www.caumont.com\/wp-content\/uploads\/2018\/03\/bill_gates-146x150.jpg\" class=\"attachment-thumbnail size-thumbnail\" alt=\"\" aria-describedby=\"gallery-1-563\" \/><\/a>\n\t\t\t<\/div>\n\t\t\t\t<figcaption class='wp-caption-text gallery-caption' id='gallery-1-563'>\n\t\t\t\tBill Gates recevant une pi\u00e8ce de Liliane Caumont lors du Congr\u00e8s Microsoft \u00e0 Madrid\n\t\t\t\t<\/figcaption><\/figure><figure class='gallery-item'>\n\t\t\t<div class='gallery-icon landscape'>\n\t\t\t\t<a href='https:\/\/www.caumont.com\/assambleenational\/'><img loading=\"lazy\" decoding=\"async\" width=\"150\" height=\"150\" src=\"https:\/\/www.caumont.com\/wp-content\/uploads\/2018\/03\/assambleenational-150x150.jpg\" class=\"attachment-thumbnail size-thumbnail\" alt=\"Assembl\u00e9e Nationale\" aria-describedby=\"gallery-1-561\" \/><\/a>\n\t\t\t<\/div>\n\t\t\t\t<figcaption class='wp-caption-text gallery-caption' id='gallery-1-561'>\n\t\t\t\tMr.Jean-Louis DEBR\u00c9 avec Liliane Caumont\n\t\t\t\t<\/figcaption><\/figure><figure class='gallery-item'>\n\t\t\t<div class='gallery-icon landscape'>\n\t\t\t\t<a href='https:\/\/www.caumont.com\/mick_michel\/'><img loading=\"lazy\" decoding=\"async\" width=\"150\" height=\"150\" src=\"https:\/\/www.caumont.com\/wp-content\/uploads\/2018\/03\/mick_michel-150x150.jpg\" class=\"attachment-thumbnail size-thumbnail\" alt=\"\" aria-describedby=\"gallery-1-569\" \/><\/a>\n\t\t\t<\/div>\n\t\t\t\t<figcaption class='wp-caption-text gallery-caption' id='gallery-1-569'>\n\t\t\t\tLiliane Caumont recevant le dipl\u00f4me de \u00ab\u00a0M\u00e9daille d&rsquo;Argent\u00a0\u00bb de l&rsquo;Acad\u00e9mie \u00ab\u00a0Arts, Sciences, Lettres\u00a0\u00bb des mains de l&rsquo;artiste Mick Michel (Paris, Avril 2003)\n\t\t\t\t<\/figcaption><\/figure><figure class='gallery-item'>\n\t\t\t<div class='gallery-icon landscape'>\n\t\t\t\t<a href='https:\/\/www.caumont.com\/verna\/'><img loading=\"lazy\" decoding=\"async\" width=\"150\" height=\"150\" src=\"https:\/\/www.caumont.com\/wp-content\/uploads\/2018\/03\/Verna-150x150.jpg\" class=\"attachment-thumbnail size-thumbnail\" alt=\"Troph\u00e9e Projet E-Locus\" aria-describedby=\"gallery-1-574\" \/><\/a>\n\t\t\t<\/div>\n\t\t\t\t<figcaption class='wp-caption-text gallery-caption' id='gallery-1-574'>\n\t\t\t\tLiliane Caumont avec Verna Alee pour la remise du Troph\u00e9e Projet E-Locus (Communaut\u00e9 Europ\u00e9enne) donn\u00e9 au Guggenheim de Venise (Juillet 2003)\n\t\t\t\t<\/figcaption><\/figure><figure class='gallery-item'>\n\t\t\t<div class='gallery-icon landscape'>\n\t\t\t\t<a href='https:\/\/www.caumont.com\/bercy\/'><img loading=\"lazy\" decoding=\"async\" width=\"150\" height=\"150\" src=\"https:\/\/www.caumont.com\/wp-content\/uploads\/2018\/03\/bercy-150x150.jpg\" class=\"attachment-thumbnail size-thumbnail\" alt=\"\" aria-describedby=\"gallery-1-562\" \/><\/a>\n\t\t\t<\/div>\n\t\t\t\t<figcaption class='wp-caption-text gallery-caption' id='gallery-1-562'>\n\t\t\t\tRemise des troph\u00e9es Communaut\u00e9 Europ\u00e9enne. Minist\u00e8re des Finances de Bercy, Paris 2002\n\t\t\t\t<\/figcaption><\/figure><figure class='gallery-item'>\n\t\t\t<div class='gallery-icon landscape'>\n\t\t\t\t<a href='https:\/\/www.caumont.com\/photovernissagerhone\/'><img loading=\"lazy\" decoding=\"async\" width=\"150\" height=\"150\" src=\"https:\/\/www.caumont.com\/wp-content\/uploads\/2018\/03\/photovernissagerhone-150x150.jpg\" class=\"attachment-thumbnail size-thumbnail\" alt=\"\" aria-describedby=\"gallery-1-572\" \/><\/a>\n\t\t\t<\/div>\n\t\t\t\t<figcaption class='wp-caption-text gallery-caption' id='gallery-1-572'>\n\t\t\t\tExposition Galerie de l&rsquo;h\u00f4tel du Rh\u00f4ne (quai Turretini, 5 &#8211; 1201 Gen\u00e8ve) Mars-Avril 2002\n\t\t\t\t<\/figcaption><\/figure><figure class='gallery-item'>\n\t\t\t<div class='gallery-icon landscape'>\n\t\t\t\t<a href='https:\/\/www.caumont.com\/netmakers\/'><img loading=\"lazy\" decoding=\"async\" width=\"150\" height=\"150\" src=\"https:\/\/www.caumont.com\/wp-content\/uploads\/2018\/03\/Netmakers-150x150.jpg\" class=\"attachment-thumbnail size-thumbnail\" alt=\"\" aria-describedby=\"gallery-1-570\" \/><\/a>\n\t\t\t<\/div>\n\t\t\t\t<figcaption class='wp-caption-text gallery-caption' id='gallery-1-570'>\n\t\t\t\tRemise des troph\u00e9es Netmakers (Fundecyt) dans le Mus\u00e9e d\u2019Art Moderne de Badajoz (Espagne 2002)\n\t\t\t\t<\/figcaption><\/figure><figure class='gallery-item'>\n\t\t\t<div class='gallery-icon landscape'>\n\t\t\t\t<a href='https:\/\/www.caumont.com\/photocollectiveprixfundecyt\/'><img loading=\"lazy\" decoding=\"async\" width=\"150\" height=\"150\" src=\"https:\/\/www.caumont.com\/wp-content\/uploads\/2018\/03\/photocollectiveprixfundecyt-150x150.jpg\" class=\"attachment-thumbnail size-thumbnail\" alt=\"\" aria-describedby=\"gallery-1-571\" \/><\/a>\n\t\t\t<\/div>\n\t\t\t\t<figcaption class='wp-caption-text gallery-caption' id='gallery-1-571'>\n\t\t\t\tPhoto collective de remise des troph\u00e9es Netmakers (Fundecyt) dans le Mus\u00e9e d\u2019Art Moderne de Badajoz (Espagne 2002)\n\t\t\t\t<\/figcaption><\/figure><figure class='gallery-item'>\n\t\t\t<div class='gallery-icon portrait'>\n\t\t\t\t<a href='https:\/\/www.caumont.com\/gregorio\/'><img loading=\"lazy\" decoding=\"async\" width=\"150\" height=\"150\" src=\"https:\/\/www.caumont.com\/wp-content\/uploads\/2018\/03\/gregorio-150x150.jpg\" class=\"attachment-thumbnail size-thumbnail\" alt=\"\" aria-describedby=\"gallery-1-568\" \/><\/a>\n\t\t\t<\/div>\n\t\t\t\t<figcaption class='wp-caption-text gallery-caption' id='gallery-1-568'>\n\t\t\t\tRemise des troph\u00e9es de la Fondation Gregorio S\u00e1nchez au Casino de Madrid\n\t\t\t\t<\/figcaption><\/figure><figure class='gallery-item'>\n\t\t\t<div class='gallery-icon portrait'>\n\t\t\t\t<a href='https:\/\/www.caumont.com\/femmes_progresistes\/'><img loading=\"lazy\" decoding=\"async\" width=\"150\" height=\"150\" src=\"https:\/\/www.caumont.com\/wp-content\/uploads\/2018\/03\/femmes_progresistes-150x150.jpg\" class=\"attachment-thumbnail size-thumbnail\" alt=\"\" aria-describedby=\"gallery-1-567\" \/><\/a>\n\t\t\t<\/div>\n\t\t\t\t<figcaption class='wp-caption-text gallery-caption' id='gallery-1-567'>\n\t\t\t\tRemise du prix (collection des femmes en gr\u00e8s \u00e9maill\u00e9) de la F\u00e9d\u00e9ration des Femmes Progressistes \u00e0 Madrid\n\t\t\t\t<\/figcaption><\/figure><figure class='gallery-item'>\n\t\t\t<div class='gallery-icon landscape'>\n\t\t\t\t<a href='https:\/\/www.caumont.com\/premiofedepe2001\/'><img loading=\"lazy\" decoding=\"async\" width=\"150\" height=\"150\" src=\"https:\/\/www.caumont.com\/wp-content\/uploads\/2018\/03\/premiofedepe2001-150x150.jpg\" class=\"attachment-thumbnail size-thumbnail\" alt=\"\" aria-describedby=\"gallery-1-573\" \/><\/a>\n\t\t\t<\/div>\n\t\t\t\t<figcaption class='wp-caption-text gallery-caption' id='gallery-1-573'>\n\t\t\t\tRemise des troph\u00e9es FEDEPE (H\u00f4tel Intercontinental ) Madrid 2001\n\t\t\t\t<\/figcaption><\/figure><figure class='gallery-item'>\n\t\t\t<div class='gallery-icon portrait'>\n\t\t\t\t<a href='https:\/\/www.caumont.com\/femme_chef_entreprise\/'><img loading=\"lazy\" decoding=\"async\" width=\"150\" height=\"150\" src=\"https:\/\/www.caumont.com\/wp-content\/uploads\/2018\/03\/femme_chef_entreprise-150x150.jpg\" class=\"attachment-thumbnail size-thumbnail\" alt=\"\" aria-describedby=\"gallery-1-566\" \/><\/a>\n\t\t\t<\/div>\n\t\t\t\t<figcaption class='wp-caption-text gallery-caption' id='gallery-1-566'>\n\t\t\t\tRemise des troph\u00e9es de la F\u00e9d\u00e9ration des Femmes Chef d&rsquo;entreprise \u00e0 l&rsquo;h\u00f4tel Intercontinental de Madrid\n\t\t\t\t<\/figcaption><\/figure><figure class='gallery-item'>\n\t\t\t<div class='gallery-icon landscape'>\n\t\t\t\t<a href='https:\/\/www.caumont.com\/citibank_inter\/'><img loading=\"lazy\" decoding=\"async\" width=\"150\" height=\"150\" src=\"https:\/\/www.caumont.com\/wp-content\/uploads\/2018\/03\/citibank_inter-150x150.jpg\" class=\"attachment-thumbnail size-thumbnail\" alt=\"\" aria-describedby=\"gallery-1-564\" \/><\/a>\n\t\t\t<\/div>\n\t\t\t\t<figcaption class='wp-caption-text gallery-caption' id='gallery-1-564'>\n\t\t\t\tLiliane Caumont avec le Directeur du Citibank Madrid et le directeur de l&rsquo;Intercontinental de Madrid\n\t\t\t\t<\/figcaption><\/figure><figure class='gallery-item'>\n\t\t\t<div class='gallery-icon landscape'>\n\t\t\t\t<a href='https:\/\/www.caumont.com\/communaute\/'><img loading=\"lazy\" decoding=\"async\" width=\"150\" height=\"150\" src=\"https:\/\/www.caumont.com\/wp-content\/uploads\/2018\/03\/communaute-150x150.jpg\" class=\"attachment-thumbnail size-thumbnail\" alt=\"\" aria-describedby=\"gallery-1-565\" \/><\/a>\n\t\t\t<\/div>\n\t\t\t\t<figcaption class='wp-caption-text gallery-caption' id='gallery-1-565'>\n\t\t\t\tRemise des troph\u00e9es Communaut\u00e9 Europ\u00e9enne. Minist\u00e8re des Finances de Bercy, Paris 2002\n\t\t\t\t<\/figcaption><\/figure>\n\t\t<\/div>\n\n","protected":false},"excerpt":{"rendered":"<p>CLIENTS: Entreprises: &#8211; Standard El\u00e9ctrica Espagnole &#8211; Telyco (Telef\u00f3nica espa\u00f1ola) &#8211; France Telecom &#8211; Telecom Italia &#8211; Communaut\u00e9 Europ\u00e9enne &#8211; Hewlet Packard &#8211; Medinabi (SKF) &#8211; Alcatel &#8211; Wilkhahm &#8211; IBM &#8211; Cr\u00e9dit Suisse (Espagne)<br \/><a class=\"read-more\" href=\"https:\/\/www.caumont.com\/index.php\/about\/references\/\">Read More<\/a><\/p>\n","protected":false},"author":1,"featured_media":0,"parent":163,"menu_order":20,"comment_status":"closed","ping_status":"closed","template":"","meta":{"footnotes":""},"yoast_head":"<!-- This site is optimized with the Yoast SEO plugin v21.7 - https:\/\/yoast.com\/wordpress\/plugins\/seo\/ -->\n<title>REFERENCES - Liliane Caumont<\/title>\n<meta name=\"robots\" content=\"index, follow, max-snippet:-1, max-image-preview:large, max-video-preview:-1\" \/>\n<link rel=\"canonical\" href=\"https:\/\/www.caumont.com\/index.php\/about\/references\/\" \/>\n<meta property=\"og:locale\" content=\"fr_FR\" \/>\n<meta property=\"og:type\" content=\"article\" \/>\n<meta property=\"og:title\" content=\"REFERENCES - Liliane Caumont\" \/>\n<meta property=\"og:description\" content=\"CLIENTS: Entreprises: &#8211; Standard El\u00e9ctrica Espagnole &#8211; Telyco (Telef\u00f3nica espa\u00f1ola) &#8211; France Telecom &#8211; Telecom Italia &#8211; Communaut\u00e9 Europ\u00e9enne &#8211; Hewlet Packard &#8211; Medinabi (SKF) &#8211; Alcatel &#8211; Wilkhahm &#8211; IBM &#8211; Cr\u00e9dit Suisse (Espagne)Read More\" \/>\n<meta property=\"og:url\" content=\"https:\/\/www.caumont.com\/index.php\/about\/references\/\" \/>\n<meta property=\"og:site_name\" content=\"Liliane Caumont\" \/>\n<meta property=\"article:publisher\" content=\"https:\/\/www.facebook.com\/lilianecaumont\" \/>\n<meta property=\"article:modified_time\" content=\"2021-04-26T16:08:01+00:00\" \/>\n<meta property=\"og:image\" content=\"https:\/\/www.caumont.com\/wp-content\/uploads\/2018\/03\/bill_gates-146x150.jpg\" \/>\n<meta name=\"twitter:card\" content=\"summary_large_image\" \/>\n<meta name=\"twitter:label1\" content=\"Dur\u00e9e de lecture estim\u00e9e\" \/>\n\t<meta name=\"twitter:data1\" content=\"1 minute\" \/>\n<script type=\"application\/ld+json\" class=\"yoast-schema-graph\">{\"@context\":\"https:\/\/schema.org\",\"@graph\":[{\"@type\":\"WebPage\",\"@id\":\"https:\/\/www.caumont.com\/index.php\/about\/references\/\",\"url\":\"https:\/\/www.caumont.com\/index.php\/about\/references\/\",\"name\":\"REFERENCES - Liliane Caumont\",\"isPartOf\":{\"@id\":\"https:\/\/www.caumont.com\/#website\"},\"datePublished\":\"2018-03-17T17:52:20+00:00\",\"dateModified\":\"2021-04-26T16:08:01+00:00\",\"breadcrumb\":{\"@id\":\"https:\/\/www.caumont.com\/index.php\/about\/references\/#breadcrumb\"},\"inLanguage\":\"fr-FR\",\"potentialAction\":[{\"@type\":\"ReadAction\",\"target\":[\"https:\/\/www.caumont.com\/index.php\/about\/references\/\"]}]},{\"@type\":\"BreadcrumbList\",\"@id\":\"https:\/\/www.caumont.com\/index.php\/about\/references\/#breadcrumb\",\"itemListElement\":[{\"@type\":\"ListItem\",\"position\":1,\"name\":\"Accueil\",\"item\":\"https:\/\/www.caumont.com\/\"},{\"@type\":\"ListItem\",\"position\":2,\"name\":\"ABOUT\",\"item\":\"https:\/\/www.caumont.com\/index.php\/about\/\"},{\"@type\":\"ListItem\",\"position\":3,\"name\":\"REFERENCES\"}]},{\"@type\":\"WebSite\",\"@id\":\"https:\/\/www.caumont.com\/#website\",\"url\":\"https:\/\/www.caumont.com\/\",\"name\":\"Liliane Caumont\",\"description\":\"Sculptor\",\"publisher\":{\"@id\":\"https:\/\/www.caumont.com\/#organization\"},\"potentialAction\":[{\"@type\":\"SearchAction\",\"target\":{\"@type\":\"EntryPoint\",\"urlTemplate\":\"https:\/\/www.caumont.com\/?s={search_term_string}\"},\"query-input\":\"required name=search_term_string\"}],\"inLanguage\":\"fr-FR\"},{\"@type\":\"Organization\",\"@id\":\"https:\/\/www.caumont.com\/#organization\",\"name\":\"Liliane Caumont\",\"url\":\"https:\/\/www.caumont.com\/\",\"logo\":{\"@type\":\"ImageObject\",\"inLanguage\":\"fr-FR\",\"@id\":\"https:\/\/www.caumont.com\/#\/schema\/logo\/image\/\",\"url\":\"https:\/\/www.caumont.com\/wp-content\/uploads\/2018\/03\/FAVlili.png\",\"contentUrl\":\"https:\/\/www.caumont.com\/wp-content\/uploads\/2018\/03\/FAVlili.png\",\"width\":501,\"height\":512,\"caption\":\"Liliane Caumont\"},\"image\":{\"@id\":\"https:\/\/www.caumont.com\/#\/schema\/logo\/image\/\"},\"sameAs\":[\"https:\/\/www.facebook.com\/lilianecaumont\",\"https:\/\/www.instagram.com\/lilianecaumont\/\"]}]}<\/script>\n<!-- \/ Yoast SEO plugin. -->","yoast_head_json":{"title":"REFERENCES - Liliane Caumont","robots":{"index":"index","follow":"follow","max-snippet":"max-snippet:-1","max-image-preview":"max-image-preview:large","max-video-preview":"max-video-preview:-1"},"canonical":"https:\/\/www.caumont.com\/index.php\/about\/references\/","og_locale":"fr_FR","og_type":"article","og_title":"REFERENCES - Liliane Caumont","og_description":"CLIENTS: Entreprises: &#8211; Standard El\u00e9ctrica Espagnole &#8211; Telyco (Telef\u00f3nica espa\u00f1ola) &#8211; France Telecom &#8211; Telecom Italia &#8211; Communaut\u00e9 Europ\u00e9enne &#8211; Hewlet Packard &#8211; Medinabi (SKF) &#8211; Alcatel &#8211; Wilkhahm &#8211; IBM &#8211; Cr\u00e9dit Suisse (Espagne)Read More","og_url":"https:\/\/www.caumont.com\/index.php\/about\/references\/","og_site_name":"Liliane Caumont","article_publisher":"https:\/\/www.facebook.com\/lilianecaumont","article_modified_time":"2021-04-26T16:08:01+00:00","og_image":[{"url":"https:\/\/www.caumont.com\/wp-content\/uploads\/2018\/03\/bill_gates-146x150.jpg"}],"twitter_card":"summary_large_image","twitter_misc":{"Dur\u00e9e de lecture estim\u00e9e":"1 minute"},"schema":{"@context":"https:\/\/schema.org","@graph":[{"@type":"WebPage","@id":"https:\/\/www.caumont.com\/index.php\/about\/references\/","url":"https:\/\/www.caumont.com\/index.php\/about\/references\/","name":"REFERENCES - Liliane Caumont","isPartOf":{"@id":"https:\/\/www.caumont.com\/#website"},"datePublished":"2018-03-17T17:52:20+00:00","dateModified":"2021-04-26T16:08:01+00:00","breadcrumb":{"@id":"https:\/\/www.caumont.com\/index.php\/about\/references\/#breadcrumb"},"inLanguage":"fr-FR","potentialAction":[{"@type":"ReadAction","target":["https:\/\/www.caumont.com\/index.php\/about\/references\/"]}]},{"@type":"BreadcrumbList","@id":"https:\/\/www.caumont.com\/index.php\/about\/references\/#breadcrumb","itemListElement":[{"@type":"ListItem","position":1,"name":"Accueil","item":"https:\/\/www.caumont.com\/"},{"@type":"ListItem","position":2,"name":"ABOUT","item":"https:\/\/www.caumont.com\/index.php\/about\/"},{"@type":"ListItem","position":3,"name":"REFERENCES"}]},{"@type":"WebSite","@id":"https:\/\/www.caumont.com\/#website","url":"https:\/\/www.caumont.com\/","name":"Liliane Caumont","description":"Sculptor","publisher":{"@id":"https:\/\/www.caumont.com\/#organization"},"potentialAction":[{"@type":"SearchAction","target":{"@type":"EntryPoint","urlTemplate":"https:\/\/www.caumont.com\/?s={search_term_string}"},"query-input":"required name=search_term_string"}],"inLanguage":"fr-FR"},{"@type":"Organization","@id":"https:\/\/www.caumont.com\/#organization","name":"Liliane Caumont","url":"https:\/\/www.caumont.com\/","logo":{"@type":"ImageObject","inLanguage":"fr-FR","@id":"https:\/\/www.caumont.com\/#\/schema\/logo\/image\/","url":"https:\/\/www.caumont.com\/wp-content\/uploads\/2018\/03\/FAVlili.png","contentUrl":"https:\/\/www.caumont.com\/wp-content\/uploads\/2018\/03\/FAVlili.png","width":501,"height":512,"caption":"Liliane Caumont"},"image":{"@id":"https:\/\/www.caumont.com\/#\/schema\/logo\/image\/"},"sameAs":["https:\/\/www.facebook.com\/lilianecaumont","https:\/\/www.instagram.com\/lilianecaumont\/"]}]}},"_links":{"self":[{"href":"https:\/\/www.caumont.com\/index.php\/wp-json\/wp\/v2\/pages\/560"}],"collection":[{"href":"https:\/\/www.caumont.com\/index.php\/wp-json\/wp\/v2\/pages"}],"about":[{"href":"https:\/\/www.caumont.com\/index.php\/wp-json\/wp\/v2\/types\/page"}],"author":[{"embeddable":true,"href":"https:\/\/www.caumont.com\/index.php\/wp-json\/wp\/v2\/users\/1"}],"replies":[{"embeddable":true,"href":"https:\/\/www.caumont.com\/index.php\/wp-json\/wp\/v2\/comments?post=560"}],"version-history":[{"count":1,"href":"https:\/\/www.caumont.com\/index.php\/wp-json\/wp\/v2\/pages\/560\/revisions"}],"predecessor-version":[{"id":1174,"href":"https:\/\/www.caumont.com\/index.php\/wp-json\/wp\/v2\/pages\/560\/revisions\/1174"}],"up":[{"embeddable":true,"href":"https:\/\/www.caumont.com\/index.php\/wp-json\/wp\/v2\/pages\/163"}],"wp:attachment":[{"href":"https:\/\/www.caumont.com\/index.php\/wp-json\/wp\/v2\/media?parent=560"}],"curies":[{"name":"wp","href":"https:\/\/api.w.org\/{rel}","templated":true}]}}